{"id":444,"date":"2022-07-04T16:23:39","date_gmt":"2022-07-04T14:23:39","guid":{"rendered":"https:\/\/casadavid.it\/privacy-policy\/"},"modified":"2022-08-19T09:01:10","modified_gmt":"2022-08-19T07:01:10","slug":"privacy-policy","status":"publish","type":"page","link":"https:\/\/casadavid.it\/de\/privacy-policy\/","title":{"rendered":"Privacy Policy"},"content":{"rendered":"<p>[vc_row][vc_column][vc_column_text]<\/p>\n<p>DATENSCHUTZRICHTLINIE VON CASADAVID.COM<\/p>\n<p>casadavid.it sammelt einige personenbezogene Daten von seinen Benutzern.<br \/>Dieses Dokument kann mit dem in den Einstellungen eines beliebigen Browsers vorhandenen Druckbefehl gedruckt werden.<\/p>\n<p>ZUSAMMENFASSUNG DER POLITIK<br \/>PERSONENBEZOGENE DATEN, DIE F\u00dcR FOLGENDE ZWECKE UND NUTZUNG DER FOLGENDEN DIENSTE VERARBEITET WERDEN:<br \/>\u2022 Wenden Sie sich an den Benutzer<br \/>\u25e6 Kontaktformular Pers\u00f6nliche Daten: Nachname; Email; Vorname<br \/>\u2022 Plattform- und Hosting-Dienste<br \/>\u25e6 WordPress<\/p>\n<p>WEITERE INFORMATIONEN ZUR VERARBEITUNG PERSONENBEZOGENER DATEN<br \/>KONTAKTINFORMATION<br \/>\u2022 Datenverantwortlicher: David Patrizia<br \/>Via Fornari Prof P. 8\/A \u2013 Borgomanero (NO)<br \/>\u2022 Kontakt-E-Mail des Eigent\u00fcmers: infocasadavid.it<\/p>\n<p>VOLLST\u00c4NDIGE POLITIK<br \/>INHABER DER DATENVERARBEITUNG<br \/>David Patrizia<br \/>Via Fornari Prof P. 8\/A \u2013 Borgomanero (NO)<br \/>Kontakt-E-Mail des Eigent\u00fcmers: info@casadavid.it<\/p>\n<p>ARTEN DER ERHOBENEN DATEN<br \/>Zu den personenbezogenen Daten, die von casadavid.it selbstst\u00e4ndig oder durch Dritte erhoben werden, geh\u00f6ren: Name; Nachname; Email; Nutzungsdaten; Benutzeridentifikation; Tracking-Tool.<br \/>Vollst\u00e4ndige Einzelheiten zu jeder Art von erhobenen Daten werden in den entsprechenden Abschnitten dieser Datenschutzrichtlinie oder durch spezifische Informationstexte bereitgestellt, die vor der Erhebung der Daten angezeigt werden.<br \/>Personenbezogene Daten k\u00f6nnen vom Benutzer freiwillig bereitgestellt oder im Falle von Nutzungsdaten automatisch bei der Nutzung von casadavid.it erhoben werden.<br \/>Sofern nicht anders angegeben, sind alle von casadavid.it angeforderten Daten obligatorisch. Wenn der Benutzer sich weigert, sie mitzuteilen, kann es f\u00fcr casadavid.it unm\u00f6glich sein, den Dienst bereitzustellen. In F\u00e4llen, in denen casadavid.it einige Daten als optional angibt, steht es den Benutzern frei, diese Daten nicht zu \u00fcbermitteln, ohne dass dies Auswirkungen auf die Verf\u00fcgbarkeit des Dienstes oder seinen Betrieb hat.<br \/>Benutzer, die Zweifel haben, welche Daten obligatorisch sind, werden gebeten, sich an den Eigent\u00fcmer zu wenden.<br \/>Jegliche Verwendung von Cookies &#8211; oder anderer Tracking-Tools &#8211; durch casadavid.it oder durch die Eigent\u00fcmer von Drittanbieterdiensten, die von casadavid.it verwendet werden, dient, sofern nicht anders angegeben, dazu, den vom Benutzer angeforderten Dienst bereitzustellen, sowie f\u00fcr die zus\u00e4tzliche Zwecke, die in diesem Dokument und in der <a href=\"https:\/\/casadavid.it\/de\/cookie-policy\/\">Cookie-Richtlinie<\/a>, falls vorhanden, beschrieben sind.<br \/>Der Benutzer \u00fcbernimmt die Verantwortung f\u00fcr die \u00fcber casadavid.it erhaltenen, ver\u00f6ffentlichten oder weitergegebenen personenbezogenen Daten Dritter und garantiert, dass er das Recht hat, diese zu \u00fcbermitteln oder zu verbreiten, wodurch der Eigent\u00fcmer von jeglicher Haftung gegen\u00fcber Dritten befreit wird.<\/p>\n<p>VERFAHREN UND ORT DER VERARBEITUNG DER ERFASSEN DATEN<br \/>BEHANDLUNGSMETHODE<br \/>Der Eigent\u00fcmer ergreift geeignete Sicherheitsma\u00dfnahmen, um unbefugten Zugriff, Offenlegung, \u00c4nderung oder Zerst\u00f6rung personenbezogener Daten zu verhindern.<br \/>Die Verarbeitung erfolgt mit Hilfe von IT- und \/ oder Telematik-Tools, mit organisatorischen Methoden und mit einer Logik, die eng mit den angegebenen Zwecken verbunden ist. Neben dem f\u00fcr die Datenverarbeitung Verantwortlichen k\u00f6nnen in einigen F\u00e4llen andere Personen, die an der Organisation von casadavid.it beteiligt sind (Verwaltung, Handel, Marketing, Recht, Systemadministratoren) oder externe Personen (z. B. technische Dienstleister von Drittanbietern, Postboten) beteiligt sein Zugriff auf die Daten, Hosting-Anbieter, IT-Unternehmen, Kommunikationsagenturen), die gegebenenfalls auch vom Datenverantwortlichen als Datenverarbeiter ernannt werden. Die aktualisierte Liste der Manager kann jederzeit beim Datenverantwortlichen angefordert werden.<\/p>\n<p>RECHTSGRUNDLAGE DER VERARBEITUNG<br \/>Der Datenverantwortliche verarbeitet personenbezogene Daten des Benutzers, wenn eine der folgenden Bedingungen vorliegt:<br \/>\u2022 der Benutzer seine Zustimmung zu einem oder mehreren bestimmten Zwecken gegeben hat; Hinweis: In einigen Gerichtsbarkeiten kann der Datenverantwortliche berechtigt sein, personenbezogene Daten ohne die Zustimmung des Benutzers oder eine andere der unten angegebenen Rechtsgrundlagen zu verarbeiten, solange der Benutzer einer solchen Behandlung nicht widerspricht (\u201eOpt-out\u201c). Dies gilt jedoch nicht, wenn die Verarbeitung personenbezogener Daten der europ\u00e4ischen Gesetzgebung zum Schutz personenbezogener Daten unterliegt;<br \/>\u2022 die Verarbeitung zur Erf\u00fcllung eines Vertrages mit dem Nutzer und\/oder zur Durchf\u00fchrung vorvertraglicher Ma\u00dfnahmen erforderlich ist;<br \/>\u2022 die Verarbeitung zur Erf\u00fcllung einer rechtlichen Verpflichtung erforderlich ist, der der Datenverantwortliche unterliegt;<br \/>\u2022 Die Verarbeitung ist f\u00fcr die Erf\u00fcllung einer Aufgabe von \u00f6ffentlichem Interesse oder zur Aus\u00fcbung \u00f6ffentlicher Gewalt erforderlich, die dem Eigent\u00fcmer \u00fcbertragen wurde;<br \/>\u2022 die Verarbeitung zur Verfolgung des berechtigten Interesses des Datenverantwortlichen oder Dritter erforderlich ist.<br \/>Es ist jedoch jederzeit m\u00f6glich, den Datenverantwortlichen zu bitten, die konkrete Rechtsgrundlage jeder Behandlung zu kl\u00e4ren und insbesondere anzugeben, ob die Behandlung auf dem Gesetz beruht, vertraglich vorgesehen oder f\u00fcr den Abschluss eines Vertrages erforderlich ist.<\/p>\n<p>PLATZ<br \/>Die Daten werden in den Gesch\u00e4ftsstellen des Datenverantwortlichen und an jedem anderen Ort verarbeitet, an dem sich die an der Verarbeitung beteiligten Parteien befinden. F\u00fcr weitere Informationen wenden Sie sich bitte an den Datenverantwortlichen.<br \/>Die personenbezogenen Daten des Benutzers k\u00f6nnen in ein anderes Land als das, in dem sich der Benutzer befindet, \u00fcbertragen werden. Um weitere Informationen zum Ort der Verarbeitung zu erhalten, kann sich der Benutzer auf den Abschnitt beziehen, der sich auf die Einzelheiten zur Verarbeitung personenbezogener Daten bezieht.<br \/>Der Benutzer hat das Recht, Informationen \u00fcber die Rechtsgrundlage f\u00fcr die \u00dcbermittlung von Daten au\u00dferhalb der Europ\u00e4ischen Union oder an eine internationale Organisation, die dem V\u00f6lkerrecht unterliegt oder aus zwei oder mehr L\u00e4ndern besteht, wie die UNO, sowie \u00fcber die Sicherheit zu erhalten Ma\u00dfnahmen des Datenverantwortlichen zum Schutz der Daten.<br \/>Der Benutzer kann \u00fcberpr\u00fcfen, ob eine der oben beschriebenen \u00dcbertragungen stattfindet, indem er den Abschnitt dieses Dokuments zu den Einzelheiten der Verarbeitung personenbezogener Daten \u00fcberpr\u00fcft oder Informationen vom Datenverantwortlichen anfordert, indem er ihn unter den Er\u00f6ffnungsdetails kontaktiert.<\/p>\n<p>AUFBEWAHRUNGSZEITRAUM<br \/>Die Daten werden f\u00fcr die Zeit verarbeitet und gespeichert, die f\u00fcr die Zwecke erforderlich ist, f\u00fcr die sie erhoben wurden.<br \/>Deswegen:<\/p>\n<p>\u2022 Personenbezogene Daten, die zu Zwecken im Zusammenhang mit der Ausf\u00fchrung eines Vertrags zwischen dem Eigent\u00fcmer und dem Benutzer erhoben werden, werden bis zur Erf\u00fcllung dieses Vertrags gespeichert.<br \/>\u2022 Personenbezogene Daten, die f\u00fcr Zwecke im Zusammenhang mit dem berechtigten Interesse des Datenverantwortlichen erhoben werden, werden aufbewahrt, bis dieses Interesse befriedigt ist. Der Benutzer kann weitere Informationen \u00fcber das vom Eigent\u00fcmer verfolgte berechtigte Interesse in den entsprechenden Abschnitten dieses Dokuments erhalten oder sich an den Eigent\u00fcmer wenden.<br \/>Wenn die Verarbeitung auf der Zustimmung des Benutzers beruht, kann der Datenverantwortliche die personenbezogenen Daten l\u00e4nger aufbewahren, bis diese Zustimmung widerrufen wird. Dar\u00fcber hinaus kann der Datenverantwortliche verpflichtet sein, personenbezogene Daten f\u00fcr einen l\u00e4ngeren Zeitraum in \u00dcbereinstimmung mit einer gesetzlichen Verpflichtung oder auf beh\u00f6rdliche Anordnung aufzubewahren.<br \/>Am Ende der Aufbewahrungsfrist werden die personenbezogenen Daten gel\u00f6scht. Daher k\u00f6nnen am Ende dieser Frist das Recht auf Auskunft, L\u00f6schung, Berichtigung und das Recht auf Daten\u00fcbertragbarkeit nicht mehr ausge\u00fcbt werden.<\/p>\n<p>ZWECK DER VERARBEITUNG DER GESAMMELTEN DATEN<\/p>\n<p>Die Daten des Benutzers werden gesammelt, um es dem Eigent\u00fcmer zu erm\u00f6glichen, den Dienst bereitzustellen, gesetzliche Verpflichtungen zu erf\u00fcllen, auf Anfragen oder ausf\u00fchrende Ma\u00dfnahmen zu reagieren, seine Rechte und Interessen (oder die von Benutzern oder Dritten) zu sch\u00fctzen und b\u00f6swillige oder betr\u00fcgerische Aktivit\u00e4ten zu identifizieren wie f\u00fcr die folgenden Zwecke: Kontaktaufnahme mit dem Benutzer, Anzeige von Inhalten von externen Plattformen, Hosting- und Backend-Infrastruktur, Plattform- und Hosting-Dienste und Registrierung und Authentifizierung, die direkt von casadavid.it bereitgestellt werden.<br \/>Um detaillierte Informationen zu den Zwecken der Verarbeitung und zu den f\u00fcr jeden Zweck verarbeiteten personenbezogenen Daten zu erhalten, kann sich der Benutzer auf den Abschnitt \u201eDetails zur Verarbeitung personenbezogener Daten\u201c beziehen.<br \/>DETAILS ZUR VERARBEITUNG PERSONENBEZOGENER DATEN<br \/>Personenbezogene Daten werden f\u00fcr die folgenden Zwecke und unter Verwendung der folgenden Dienste erhoben:<br \/>\u2022 Wenden Sie sich an den Benutzer. Kontaktformular (casadavid.it) Der Benutzer erkl\u00e4rt sich durch Ausf\u00fcllen des Kontaktformulars mit seinen Daten mit deren Verwendung zur Beantwortung von Informationsanfragen, Angeboten oder anderen in der Kopfzeile des Formulars angegebenen Arten einverstanden. Verarbeitete personenbezogene Daten: Nachname; Email; Vorname;<br \/>\u2022 Hosting- und Backend-Infrastruktur. Diese Art von Dienst hat die Funktion, Daten und Dateien zu hosten, die das Funktionieren von casadavid.it erm\u00f6glichen, seine Verbreitung erm\u00f6glichen und eine gebrauchsfertige Infrastruktur bereitstellen, um bestimmte Funktionen von casadavid.it bereitzustellen. Einige der unten aufgef\u00fchrten Dienste, falls vorhanden, funktionieren m\u00f6glicherweise auf geografisch verteilten Servern, was es schwierig macht, den tats\u00e4chlichen Ort zu bestimmen, an dem personenbezogene Daten gespeichert sind.<\/p>\n<p>\u2022 Plattform- und Hosting-Dienste. Diese Dienste sollen Schl\u00fcsselkomponenten von casadavid.it hosten und betreiben, wodurch es m\u00f6glich wird, casadavid.it von einer einzigen Plattform aus bereitzustellen. Diese Plattformen stellen dem Eigent\u00fcmer eine breite Palette von Tools zur Verf\u00fcgung, wie z. B. Analysetools, zur Verwaltung der Benutzerregistrierung, zur Verwaltung von Kommentaren und der Datenbank, f\u00fcr E-Commerce, zur Abwicklung von Zahlungen usw. Die Verwendung dieser Tools beinhaltet die Erhebung und Verarbeitung personenbezogener Daten.<br \/>Einige dieser Dienste arbeiten mit Servern, die sich geografisch an verschiedenen Orten befinden, was es schwierig macht, den genauen Ort zu bestimmen, an dem personenbezogene Daten gespeichert werden WordPress Technische Cookies, die vom WordPress-System verwendet werden.wordpress_ [hash]<br \/>wordpress_logged_in_ [Hash]<br \/>wordpress_sec_ [Hash]<br \/>wordPress_test_cookie<br \/>wp-settings_ [UID]<br \/>wp-settings-time_ [UID]<\/p>\n<p>Weitere Informationen zu WordPress-Cookies finden Sie unter: <a href=\"http:\/\/codex.wordpress.org\/WordPress_Cookies\" target=\"_blank\" rel=\"noopener\">codex.wordpress.org\/WordPress_Cookies<\/a><\/p>\n<p>WEITERE INFORMATIONEN ZUR VERARBEITUNG PERSONENBEZOGENER DATEN<br \/>\u2022 David Patrizia<br \/>Via Fornari Prof P. 8\/A \u2013 Borgomanero (NO)\u00a0 ITALIEN- info@casadavid.it<\/p>\n<p>NUTZERRECHTE<br \/>Benutzer k\u00f6nnen bestimmte Rechte in Bezug auf die vom Datenverantwortlichen verarbeiteten Daten aus\u00fcben.<br \/>Der Nutzer hat insbesondere das Recht:<br \/>\u2022 Einwilligung jederzeit widerrufen. Der Benutzer kann die zuvor erteilte Zustimmung zur Verarbeitung seiner personenbezogenen Daten widerrufen.<br \/>\u2022 der Verarbeitung ihrer Daten widersprechen Der Benutzer kann der Verarbeitung seiner Daten widersprechen, wenn diese auf einer anderen Rechtsgrundlage als der Zustimmung erfolgt. N\u00e4here Einzelheiten zum Widerspruchsrecht sind im nachfolgenden Abschnitt angegeben.<br \/>\u2022 Zugriff auf seine Daten Der Benutzer hat das Recht, Informationen \u00fcber die vom Eigent\u00fcmer verarbeiteten Daten, \u00fcber bestimmte Aspekte der Verarbeitung und eine Kopie der verarbeiteten Daten zu erhalten.<br \/>\u2022 \u00fcberpr\u00fcfen und um Berichtigung bitten. Der Benutzer kann die Richtigkeit seiner Daten \u00fcberpr\u00fcfen und deren Aktualisierung oder Korrektur verlangen.<br \/>\u2022 die Einschr\u00e4nkung der Verarbeitung zu erhalten. Wenn bestimmte Bedingungen erf\u00fcllt sind, kann der Benutzer die Einschr\u00e4nkung der Verarbeitung seiner Daten verlangen.In diesem Fall wird der Datenverantwortliche die Daten zu keinem anderen Zweck als zu ihrer Aufbewahrung verarbeiten.<br \/>\u2022 die L\u00f6schung oder Entfernung ihrer personenbezogenen Daten zu erhalten. Wenn bestimmte Bedingungen erf\u00fcllt sind, kann der Benutzer die L\u00f6schung seiner Daten durch den Eigent\u00fcmer verlangen.<br \/>\u2022 ihre Daten erhalten oder an einen anderen Eigent\u00fcmer \u00fcbertragen lassen. Der Benutzer hat das Recht, seine Daten in einem strukturierten Format zu erhalten, das allgemein verwendet und von einem automatischen Ger\u00e4t gelesen werden kann, und, sofern technisch m\u00f6glich, ihre ungehinderte \u00dcbertragung an einen anderen Eigent\u00fcmer zu erhalten. Diese Bestimmung gilt, wenn die Daten mit automatisierten Tools verarbeitet werden und die Verarbeitung auf der Zustimmung des Benutzers, auf einem Vertrag, dessen Vertragspartei der Benutzer ist, oder auf damit verbundenen vertraglichen Ma\u00dfnahmen beruht.<br \/>\u2022 eine Beschwerde vorschlagen. Der Benutzer kann eine Beschwerde bei der zust\u00e4ndigen Aufsichtsbeh\u00f6rde f\u00fcr den Schutz personenbezogener Daten einreichen oder rechtliche Schritte einleiten.<\/p>\n<p>ANGABEN ZUM WIDERSPRUCHSRECHT<br \/>Wenn personenbezogene Daten im \u00f6ffentlichen Interesse, in Aus\u00fcbung \u00f6ffentlicher Gewalt des Eigent\u00fcmers oder zur Verfolgung eines berechtigten Interesses des Eigent\u00fcmers verarbeitet werden, haben die Benutzer das Recht, der Verarbeitung aus Gr\u00fcnden, die sich aus ihrer besonderen Situation ergeben, zu widersprechen.<br \/>Nutzer werden darauf hingewiesen, dass sie im Falle der Verarbeitung ihrer Daten zu Direktmarketingzwecken der Verarbeitung ohne Angabe von Gr\u00fcnden widersprechen k\u00f6nnen. Um herauszufinden, ob der Datenverantwortliche Daten f\u00fcr Direktmarketingzwecke verarbeitet, k\u00f6nnen Benutzer die entsprechenden Abschnitte dieses Dokuments einsehen.<\/p>\n<p>WIE SIE IHRE RECHTE AUS\u00dcBEN<br \/>Um die Rechte des Benutzers auszu\u00fcben, k\u00f6nnen Benutzer eine Anfrage an die in diesem Dokument angegebenen Kontaktdaten des Eigent\u00fcmers richten. Anfragen werden kostenlos eingereicht und vom Datenverantwortlichen so schnell wie m\u00f6glich, in jedem Fall innerhalb eines Monats, bearbeitet.<\/p>\n<p>COOKIE-RICHTLINIE<br \/>Casadavid.it verwendet Tracking-Tools. Um mehr zu erfahren, kann der Benutzer die Cookie-Richtlinie konsultieren.<\/p>\n<p>WEITERE INFORMATIONEN ZUR BEHANDLUNG<\/p>\n<p>VERTEIDIGUNG IM URTEIL<\/p>\n<p>Die personenbezogenen Daten des Benutzers k\u00f6nnen vom Eigent\u00fcmer vor Gericht oder in den Vorbereitungsstadien f\u00fcr seine eventuelle Einrichtung zur Verteidigung gegen Missbrauch bei der Nutzung von casadavid.it oder verwandten Diensten durch den Benutzer verwendet werden.<br \/>Der Benutzer erkl\u00e4rt, sich dar\u00fcber im Klaren zu sein, dass der Eigent\u00fcmer verpflichtet sein kann, die Daten auf beh\u00f6rdliche Anordnung offenzulegen.<\/p>\n<p>GENAUE INFORMATIONEN<br \/>Auf Anfrage des Benutzers kann casadavid.it dem Benutzer zus\u00e4tzlich zu den in dieser Datenschutzrichtlinie enthaltenen Informationen zus\u00e4tzliche und kontextbezogene Informationen zu bestimmten Diensten oder zur Erhebung und Verarbeitung personenbezogener Daten zur Verf\u00fcgung stellen.<\/p>\n<p>SYSTEMLOG UND WARTUNG<br \/>F\u00fcr Anforderungen im Zusammenhang mit Betrieb und Wartung k\u00f6nnen casadavid.it und alle von ihr verwendeten Dienste von Drittanbietern Systemprotokolle sammeln, bei denen es sich um Dateien handelt, die die Interaktionen aufzeichnen und die auch personenbezogene Daten wie die IP-Adresse des Benutzers enthalten k\u00f6nnen.<\/p>\n<p>IN DIESER RICHTLINIE NICHT ENTHALTENE INFORMATIONEN<br \/>Weitere Informationen in Bezug auf die Verarbeitung personenbezogener Daten k\u00f6nnen jederzeit vom Datenverantwortlichen unter Verwendung der Kontaktdaten angefordert werden.<\/p>\n<p>ANTWORT AUF \u201eDO NOT TRACK\u201c-ANFRAGEN<br \/>Casadavid.it unterst\u00fctzt keine \u201eDo Not Track\u201c-Anfragen.<br \/>Um herauszufinden, ob die verwendeten Dienste von Drittanbietern diese unterst\u00fctzen, wird der Benutzer gebeten, die jeweiligen Datenschutzrichtlinien zu konsultieren.<\/p>\n<p>\u00c4NDERUNGEN AN DIESER DATENSCHUTZERKL\u00c4RUNG<br \/>Der Datenverantwortliche beh\u00e4lt sich das Recht vor, jederzeit \u00c4nderungen an dieser Datenschutzrichtlinie vorzunehmen, indem er die Benutzer auf dieser Seite und, wenn m\u00f6glich, auf casadavid.it benachrichtigt, sowie, sofern technisch und rechtlich m\u00f6glich, durch eine Benachrichtigung an die Benutzer \u00fcber eine der die extreme Kontaktnummer, in deren Besitz es sich befindet. Bitte konsultieren Sie diese Seite daher h\u00e4ufig und beziehen Sie sich dabei auf das Datum der letzten \u00c4nderung, das unten angegeben ist.<br \/>Wenn die \u00c4nderungen Behandlungen betreffen, deren Rechtsgrundlage die Zustimmung ist, wird der Datenverantwortliche die Zustimmung des Benutzers gegebenenfalls erneut einholen.<\/p>\n<p>DEFINITIONEN UND RECHTLICHE HINWEISE<br \/>PERS\u00d6NLICHE DATEN (ODER DATEN)<\/p>\n<p>Alle Informationen, die direkt oder indirekt, auch in Verbindung mit anderen Informationen, einschlie\u00dflich einer pers\u00f6nlichen Identifikationsnummer, eine nat\u00fcrliche Person identifizieren oder identifizierbar machen, stellen personenbezogene Daten dar.<\/p>\n<p>NUTZUNGSDATEN<br \/>Dies sind Informationen, die automatisch \u00fcber casadavid.it gesammelt werden (einschlie\u00dflich von Anwendungen Dritter, die in casadavid.it integriert sind), einschlie\u00dflich: die IP-Adressen oder Dom\u00e4nennamen der Computer, die vom Benutzer verwendet werden, der sich mit casadavid.it verbindet, die Adressen in URI ( Uniform Resource Identifier) \u200b\u200b\u200b\u200bNotation, die Uhrzeit der Anfrage, die Methode, mit der die Anfrage an den Server weitergeleitet wurde, die Gr\u00f6\u00dfe der als Antwort erhaltenen Datei, der numerische Code, der den Status der Antwort vom Server angibt (erfolgreich, Fehler , usw. .), das Herkunftsland, die Eigenschaften des vom Besucher verwendeten Browsers und Betriebssystems, die verschiedenen zeitlichen Konnotationen des Besuchs (z der Anwendung, insbesondere in Bezug auf die Reihenfolge der konsultierten Seiten, auf die Parameter in Bezug auf das Betriebssystem und die IT-Umgebung des Benutzers.<\/p>\n<p>BENUTZER<br \/>Die Person, die casadavid.it nutzt und, sofern nicht anders angegeben, mit der betroffenen Person \u00fcbereinstimmt.<\/p>\n<p>INTERESSIERT<br \/>Die nat\u00fcrliche Person, auf die sich die personenbezogenen Daten beziehen.<\/p>\n<p>VERANTWORTLICH F\u00dcR DIE BEHANDLUNG (ODER VERANTWORTLICH)<br \/>Die nat\u00fcrliche Person, juristische Person, \u00f6ffentliche Verwaltung und jede andere Stelle, die personenbezogene Daten im Auftrag des Datenverantwortlichen verarbeitet, wie in dieser Datenschutzrichtlinie dargelegt.<\/p>\n<p>INHABER DER BEHANDLUNG (ODER INHABER)<br \/>Die nat\u00fcrliche oder juristische Person, Beh\u00f6rde, Dienststelle oder andere Stelle, die einzeln oder gemeinsam mit anderen die Zwecke und Mittel der Verarbeitung personenbezogener Daten und die eingesetzten Tools bestimmt, einschlie\u00dflich der Sicherheitsma\u00dfnahmen in Bezug auf den Betrieb und die Nutzung von casadavid. es. Der Datenverantwortliche ist, sofern nicht anders angegeben, der Eigent\u00fcmer von casadavid.it.<\/p>\n<p>CASADAVID.IT (ODER DIESE ANWENDUNG)<br \/>Das Hardware- oder Softwaretool, mit dem die personenbezogenen Daten der Benutzer erhoben und verarbeitet werden.<\/p>\n<p>SERVICE<\/p>\n<p>Der von casadavid.it bereitgestellte Dienst, wie in den entsprechenden Nutzungsbedingungen (falls verf\u00fcgbar) und auf dieser Website \/ Anwendung definiert.<\/p>\n<p>EUROP\u00c4ISCHE UNION (ODER EU)<br \/>Sofern nicht anders angegeben, soll jeder in diesem Dokument enthaltene Verweis auf die Europ\u00e4ische Union auf alle derzeitigen Mitgliedstaaten der Europ\u00e4ischen Union und des Europ\u00e4ischen Wirtschaftsraums ausgedehnt werden.<\/p>\n<p>KEKSE<br \/>Cookies sind Tracking-Tools, die aus kleinen Datenteilen bestehen, die im Browser des Benutzers gespeichert werden.<\/p>\n<p>TRACKING-TOOL<br \/>Mit Tracking Tool meinen wir jede Technologie &#8211; zB. Cookies, eindeutige Kennungen, Web-Beacons, integrierte Skripte, E-Tags und Fingerabdr\u00fccke \u2013 die es erm\u00f6glichen, Benutzer zu verfolgen, beispielsweise durch das Sammeln oder Speichern von Informationen auf dem Ger\u00e4t des Benutzers.<\/p>\n<p>RECHTLICHE HINWEISE<br \/>Diese Datenschutzerkl\u00e4rung wurde auf der Grundlage mehrerer Rechtssysteme, einschlie\u00dflich Artikel, erstellt. 13 und 14 der Verordnung (EU) 2016\/679.<br \/>Sofern nicht anders angegeben, betrifft diese Datenschutzerkl\u00e4rung ausschlie\u00dflich casadavid.it.<\/p>\n<p>Letzte \u00c4nderung: 05. Juli 2022<\/p>\n<p>[\/vc_column_text][\/vc_column][\/vc_row][vc_row][vc_column][vc_wp_text]<center>\u00a9Copyright 2022 CasaDavid &#8211; <a href=\"https:\/\/casadavid.it\/de\/cookie-policy\/\">Cookie Policy<\/a> &#8211; <a href=\"https:\/\/casadavid.it\/de\/privacy-policy\/\">Privacy Policy<\/a> &#8211; Powered with <i class=\"fa fa-heart\"><\/i> by <a href=\"https:\/\/www.consulenzeleali.com\/?ref=consulenze Leali\" target=\"_blank\" rel=\"noopener\">Consulenze Leali<\/a><\/center>[\/vc_wp_text][\/vc_column][\/vc_row]<\/p>\n","protected":false},"excerpt":{"rendered":"<p>[vc_row][vc_column][vc_column_text] DATENSCHUTZRICHTLINIE VON CASADAVID.COM casadavid.it sammelt einige personenbezogene Daten von seinen Benutzern.Dieses Dokument kann mit dem in den Einstellungen eines beliebigen Browsers vorhandenen Druckbefehl gedruckt werden. ZUSAMMENFASSUNG DER POLITIKPERSONENBEZOGENE DATEN, DIE F\u00dcR FOLGENDE ZWECKE UND NUTZUNG DER FOLGENDEN DIENSTE VERARBEITET WERDEN:\u2022 Wenden Sie sich an den Benutzer\u25e6 Kontaktformular Pers\u00f6nliche Daten: Nachname; Email; Vorname\u2022 Plattform- und [&hellip;]<\/p>\n","protected":false},"author":1,"featured_media":0,"parent":0,"menu_order":0,"comment_status":"closed","ping_status":"open","template":"","meta":{"footnotes":""},"class_list":["post-444","page","type-page","status-publish","hentry"],"_links":{"self":[{"href":"https:\/\/casadavid.it\/de\/wp-json\/wp\/v2\/pages\/444","targetHints":{"allow":["GET"]}}],"collection":[{"href":"https:\/\/casadavid.it\/de\/wp-json\/wp\/v2\/pages"}],"about":[{"href":"https:\/\/casadavid.it\/de\/wp-json\/wp\/v2\/types\/page"}],"author":[{"embeddable":true,"href":"https:\/\/casadavid.it\/de\/wp-json\/wp\/v2\/users\/1"}],"replies":[{"embeddable":true,"href":"https:\/\/casadavid.it\/de\/wp-json\/wp\/v2\/comments?post=444"}],"version-history":[{"count":5,"href":"https:\/\/casadavid.it\/de\/wp-json\/wp\/v2\/pages\/444\/revisions"}],"predecessor-version":[{"id":637,"href":"https:\/\/casadavid.it\/de\/wp-json\/wp\/v2\/pages\/444\/revisions\/637"}],"wp:attachment":[{"href":"https:\/\/casadavid.it\/de\/wp-json\/wp\/v2\/media?parent=444"}],"curies":[{"name":"wp","href":"https:\/\/api.w.org\/{rel}","templated":true}]}}