{"id":442,"date":"2022-07-06T17:11:00","date_gmt":"2022-07-06T15:11:00","guid":{"rendered":"https:\/\/casadavid.it\/cookie-policy\/"},"modified":"2022-08-19T08:51:41","modified_gmt":"2022-08-19T06:51:41","slug":"cookie-policy","status":"publish","type":"page","link":"https:\/\/casadavid.it\/de\/cookie-policy\/","title":{"rendered":"Cookie Policy"},"content":{"rendered":"<p>[vc_row][vc_column][vc_column_text]<\/p>\r\n<p>Dieses Dokument enth\u00e4lt Informationen \u00fcber die Technologien, die es Casadavid.com erm\u00f6glichen, die unten beschriebenen Zwecke zu erreichen. Diese Technologien erm\u00f6glichen es dem Eigent\u00fcmer, Informationen zu sammeln und zu speichern (z. B. durch die Verwendung von Cookies) oder Ressourcen zu verwenden (z. B. durch Ausf\u00fchren eines Skripts) auf dem Ger\u00e4t des Benutzers, wenn dieser mit Casadavid.com interagiert.<\/p>\r\n<p>Der Einfachheit halber werden diese Technologien in diesem Dokument kurz als \u201eTracking-Tools\u201c bezeichnet, sofern kein Anlass zur Unterscheidung besteht.<br \/>Obwohl Cookies sowohl in Web- als auch in mobilen Browsern verwendet werden k\u00f6nnen, w\u00e4re es beispielsweise fehl am Platz, im Zusammenhang mit Anwendungen f\u00fcr mobile Ger\u00e4te von Cookies zu sprechen, da es sich um Tracking-Tools handelt, die das Vorhandensein eines Browsers erfordern. Aus diesem Grund wird der Begriff Cookie in diesem Dokument nur verwendet, um speziell auf diese bestimmte Art von Tracking-Tool hinzuweisen.<\/p>\r\n<p>Einige der Zwecke, f\u00fcr die Tracking-Tools verwendet werden, erfordern m\u00f6glicherweise auch die Zustimmung des Benutzers. Eine erteilte Einwilligung kann jederzeit frei widerrufen werden, indem die in diesem Dokument enthaltenen Anweisungen befolgt werden.<\/p>\r\n<p>Casadavid.com verwendet Tracking-Tools, die direkt vom Eigent\u00fcmer verwaltet werden (allgemein als \u201eErstanbieter\u201c-Tracking-Tools bezeichnet) und Tracking-Tools, die von Dritten bereitgestellte Dienste erm\u00f6glichen (allgemein als \u201eDrittanbieter\u201c-Tracking-Tools bezeichnet). Sofern in diesem Dokument nicht anders angegeben, haben diese Dritten Zugriff auf die jeweiligen Tracking-Tools.<br \/>Dauer und Ablauf von Cookies und anderen \u00e4hnlichen Tracking-Tools k\u00f6nnen je nach Einstellung des Eigent\u00fcmers oder des jeweiligen Drittanbieters variieren. Einige von ihnen verfallen am Ende der Browsersitzung des Benutzers.<br \/>Zus\u00e4tzlich zu den Angaben in der Beschreibung jeder der unten aufgef\u00fchrten Kategorien k\u00f6nnen Benutzer detailliertere und aktuellere Informationen \u00fcber die Dauer sowie alle anderen relevanten Informationen &#8211; wie das Vorhandensein anderer Tracking-Tools &#8211; in den Datenschutzrichtlinien erhalten ihrer jeweiligen Drittanbieter (\u00fcber die bereitgestellten Links) oder indem Sie sich an den Datenverantwortlichen wenden.<\/p>\r\n<h3 class=\"wp-block-heading\">AKTIVIT\u00c4TEN, DIE UNBEDINGT ERFORDERLICH SIND, UM DAS FUNKTIONIEREN VON CASADAVID.COM UND DIE BEREITSTELLUNG DES DIENSTES ZU GEW\u00c4HRLEISTEN<\/h3>\r\n<p>Casadavid.com verwendet Cookies, die allgemein als &#8222;technische&#8220; oder andere \u00e4hnliche Tracking-Tools bezeichnet werden, um Aktivit\u00e4ten durchzuf\u00fchren, die unbedingt erforderlich sind, um das Funktionieren oder die Bereitstellung des Dienstes sicherzustellen.<\/p>\r\n<p>TRACKING-TOOLS VON DRITTANBIETERN<br \/>Casadavid.it verwendet ein Add-on, damit diese Website mit einer mehrsprachigen Funktion funktioniert<br \/>Unten ist die Liste aller Cookies, die von WPML gespeichert werden:<\/p>\r\n<p>wp-wpml_current_language \u2013 Speichert die aktuelle Sprache. Dieses Cookie ist standardm\u00e4\u00dfig auf Websites aktiviert, die die Sprachfilterfunktion f\u00fcr AJAX-Vorg\u00e4nge verwenden.<br \/>wp-wpml_current_admin_language_ {hash} \u2013 Speichert die aktuelle Sprache des WordPress-Administrationsbereichs.<br \/>_icl_visitor_lang_js \u2013 Speichert die umgeleitete Sprache. Dieses Cookie wird f\u00fcr alle Besucher der Website aktiviert, wenn Sie die Sprachumleitungsfunktion des Browsers verwenden.<br \/>wpml_browser_redirect_test \u2013 \u00dcberpr\u00fcft, ob Cookies aktiviert sind. Dieses Cookie wird f\u00fcr alle Besucher der Website aktiviert, wenn Sie die Sprachumleitungsfunktion des Browsers verwenden.<\/p>\r\n<p>Weitere Informationen: https:\/\/wpml.org\/documentation\/privacy-policy-and-gdpr-compliance\/<\/p>\r\n<p>ANDERE TRACKING-TOOLS<br \/>Hosting- und Backend-Infrastruktur Diese Art von Service hat die Funktion, Daten und Dateien zu hosten, die es Casadavid.com erm\u00f6glichen, zu funktionieren, ihre Verbreitung zu erm\u00f6glichen und eine gebrauchsfertige Infrastruktur bereitzustellen, um bestimmte Casadavid.com-Funktionen bereitzustellen , falls vorhanden, kann auf geografisch verteilten Servern arbeiten, was es schwierig macht, den tats\u00e4chlichen Ort zu bestimmen, an dem die personenbezogenen Daten gespeichert sind.<br \/>Plattform- und Hosting-Dienste Diese Dienste sind darauf ausgelegt, Schl\u00fcsselkomponenten von Casadavid.com zu hosten und zu betreiben, wodurch es m\u00f6glich wird, Casadavid.com von einer einzigen Plattform aus bereitzustellen. Diese Plattformen stellen dem Eigent\u00fcmer eine breite Palette von Tools zur Verf\u00fcgung, wie z. B. Analysetools, zur Verwaltung der Benutzerregistrierung, zur Verwaltung von Kommentaren und der Datenbank, f\u00fcr E-Commerce, zur Abwicklung von Zahlungen usw. Die Verwendung dieser Tools beinhaltet die Erhebung und Verarbeitung personenbezogener Daten.<br \/>Einige dieser Dienste arbeiten \u00fcber Server, die sich geografisch an verschiedenen Orten befinden, was es schwierig macht, den genauen Ort zu bestimmen, an dem personenbezogene Daten gespeichert sind.WordPressCookie, technisch vom WordPress-System verwendet.<br \/>wordpress_ [Hash]<br \/>wordpress_logged_in_ [Hash]<br \/>wordpress_sec_ [Hash]<br \/>wordPress_test_cookie<br \/>wp-settings_ [UID]<br \/>wp-settings-time_ [UID] Weitere Informationen zu WordPress-Cookies finden Sie unter: codex.wordpress.org\/WordPress_Cookies<\/p>\r\n<p>Speicherdauer: bis zu 1 Jahr<\/p>\r\n<p>ANDERE COOKIES, DIE F\u00dcR DEN BETRIEB DER WEBSITE NOTWENDIG SIND<br \/>moove_gdpr_popup<br \/>Cookie in Bezug auf Benutzerinformationen gem\u00e4\u00df der DSGVO-Gesetzgebung. Wenn dieses Cookie aktiviert ist, werden diese Cookies verwendet, um Ihre Cookie-Einstellungseinstellungen zu speichern.<\/p>\r\n<p>WIE SIE IHRE PR\u00c4FERENZEN VERWALTEN UND ZUSTIMMUNGEN ERteilen oder widerrufen<br \/>Es gibt verschiedene M\u00f6glichkeiten, Einstellungen in Bezug auf Tracking-Tools zu verwalten und gegebenenfalls Einwilligungen zu erteilen oder zu widerrufen:<\/p>\r\n<p>Benutzer k\u00f6nnen Einstellungen in Bezug auf Tracking-Tools direkt \u00fcber die Einstellungen ihrer Ger\u00e4te verwalten \u2013 sie k\u00f6nnen beispielsweise die Verwendung oder Speicherung von Tracking-Tools verhindern.<\/p>\r\n<p>Dar\u00fcber hinaus kann der Benutzer, wenn die Verwendung von Tracking-Tools von einer Einwilligung abh\u00e4ngt, diese Einwilligung erteilen oder widerrufen, indem er seine Einstellungen in der Cookie-Richtlinie festlegt oder diese Einstellungen \u00fcber das Tracking-Einstellungs-Widget aktualisiert, wenn ich hier bin.<\/p>\r\n<p>Dank bestimmter Browser- oder Ger\u00e4tefunktionen ist es auch m\u00f6glich, zuvor gespeicherte Tracking-Tools zu entfernen.<\/p>\r\n<p>Andere im lokalen Speicher des Browsers vorhandene Tracking-Tools k\u00f6nnen durch L\u00f6schen des Browserverlaufs entfernt werden.<\/p>\r\n<p>In Bezug auf Tracking-Tools von Drittanbietern k\u00f6nnen Benutzer Einstellungen verwalten und ihre Einwilligung widerrufen, indem sie den entsprechenden Opt-out-Link (falls verf\u00fcgbar) besuchen, die in der Datenschutzrichtlinie des Drittanbieters beschriebenen Tools verwenden oder sich direkt an ihn wenden.<\/p>\r\n<p>IDIFIZIEREN SIE DIE EINSTELLUNGEN ZU DEN TRACKING-TOOLS<br \/>Benutzer k\u00f6nnen beispielsweise Informationen zur Verwaltung von Cookies in einigen der g\u00e4ngigsten Browser unter den folgenden Adressen finden:<\/p>\r\n<ul>\r\n<li><a href=\"https:\/\/support.google.com\/chrome\/answer\/95647?hl=it&amp;p=cpn_cookies\" target=\"_blank\" rel=\"noreferrer noopener\">Google Chrome<\/a><\/li>\r\n<li><a href=\"https:\/\/support.mozilla.org\/it\/kb\/Attivare%20e%20disattivare%20i%20cookie\" target=\"_blank\" rel=\"noreferrer noopener\">Mozilla Firefox<\/a><\/li>\r\n<li><a href=\"https:\/\/support.apple.com\/it-it\/guide\/safari\/manage-cookies-and-website-data-sfri11471\/\" target=\"_blank\" rel=\"noreferrer noopener\">Apple Safari<\/a><\/li>\r\n<li><a href=\"http:\/\/windows.microsoft.com\/it-it\/windows-vista\/block-or-allow-cookies\" target=\"_blank\" rel=\"noreferrer noopener\">Microsoft Internet Explorer<\/a><\/li>\r\n<li><a href=\"https:\/\/support.microsoft.com\/it-it\/help\/4027947\" target=\"_blank\" rel=\"noreferrer noopener\">Microsoft Edge<\/a><\/li>\r\n<li><a href=\"https:\/\/support.brave.com\/hc\/articles\/360022806212-How-do-I-use-Shields-while-browsing\" target=\"_blank\" rel=\"noreferrer noopener\">Brave<\/a><\/li>\r\n<li><a href=\"https:\/\/help.opera.com\/latest\/web-preferences\/#cookies\" target=\"_blank\" rel=\"noreferrer noopener\">Opera<\/a><\/li>\r\n<\/ul>\r\n<p>Benutzer k\u00f6nnen auch einige Tracking-Tools f\u00fcr mobile Anwendungen verwalten, indem sie sie \u00fcber die entsprechenden Ger\u00e4teeinstellungen deaktivieren, wie z.<\/p>\r\n<p>INHABER DER DATENVERARBEITUNG<br \/>David Patrizia<br \/>Via Fornari Prof P. 8\/A \u2013 Borgomanero (NO)<\/p>\r\n<p>Kontakt-E-Mail des Eigent\u00fcmers: info@Casadavid.com<\/p>\r\n<p>Da die Verwendung von Tracking-Tools von Drittanbietern auf Casadavid.com nicht vollst\u00e4ndig vom Eigent\u00fcmer kontrolliert werden kann, ist jeder spezifische Verweis auf Tracking-Tools von Drittanbietern als Hinweis zu betrachten. Um vollst\u00e4ndige Informationen zu erhalten, werden Benutzer gebeten, die Datenschutzrichtlinien der jeweiligen in diesem Dokument aufgef\u00fchrten Drittanbieterdienste zu konsultieren.<\/p>\r\n<p>Angesichts der objektiven Komplexit\u00e4t der Identifizierung von Tracking-Technologien werden Benutzer gebeten, sich an den Datenverantwortlichen zu wenden, wenn sie weitere Informationen zur Verwendung dieser Technologien auf Casadavid.com erhalten m\u00f6chten.<\/p>\r\n<p>DEFINITIONEN UND RECHTLICHE HINWEISE<br \/>PERS\u00d6NLICHE DATEN (ODER DATEN)<br \/>Alle Informationen, die direkt oder indirekt, auch in Verbindung mit anderen Informationen, einschlie\u00dflich einer pers\u00f6nlichen Identifikationsnummer, eine nat\u00fcrliche Person identifizieren oder identifizierbar machen, stellen personenbezogene Daten dar.<\/p>\r\n<p>NUTZUNGSDATEN<br \/>Dies sind die Informationen, die automatisch \u00fcber Casadavid.com gesammelt werden (auch von Anwendungen Dritter, die in Casadavid.com integriert sind), einschlie\u00dflich: die IP-Adressen oder Dom\u00e4nennamen der Computer, die von dem Benutzer verwendet werden, der sich mit Casadavid.com verbindet, die Adressen in URI (Uniform Resource Identifier) \u200b\u200b\u200b\u200b\u200bNotation, die Uhrzeit der Anfrage, die Methode, mit der die Anfrage an den Server weitergeleitet wurde, die Gr\u00f6\u00dfe der als Antwort erhaltenen Datei, der Zahlencode, der den Status der Antwort vom Server angibt (erfolgreich, Fehler usw. .), das Herkunftsland, die Eigenschaften des Browsers und des vom Besucher verwendeten Betriebssystems, die verschiedenen zeitlichen Konnotationen des Besuchs (z. B. die auf jeder Seite verbrachte Zeit) und die Details zur zur\u00fcckgelegten Reiseroute innerhalb der Anwendung, insbesondere in Bezug auf die Reihenfolge der konsultierten Seiten, auf die Parameter in Bezug auf das Betriebssystem und die IT-Umgebung des Benutzers.<\/p>\r\n<p>L\u2019individuo che utilizza Casadavid.com che, salvo ove diversamente specificato, coincide con l\u2019Interessato.<\/p>\r\n<p>BENUTZER<br \/>Die Person, die Casadavid.com nutzt und, sofern nicht anders angegeben, mit der betroffenen Person \u00fcbereinstimmt.<\/p>\r\n<p>INTERESSIERT<br \/>Die nat\u00fcrliche Person, auf die sich die personenbezogenen Daten beziehen.<\/p>\r\n<p>VERANTWORTLICH F\u00dcR DIE BEHANDLUNG (ODER VERANTWORTLICH)<br \/>Die nat\u00fcrliche Person, juristische Person, \u00f6ffentliche Verwaltung und jede andere Stelle, die personenbezogene Daten im Auftrag des Datenverantwortlichen verarbeitet, wie in dieser Datenschutzrichtlinie dargelegt.<\/p>\r\n<p>INHABER DER BEHANDLUNG (ODER INHABER)<br \/>Die nat\u00fcrliche oder juristische Person, Beh\u00f6rde, Dienststelle oder andere Stelle, die einzeln oder gemeinsam mit anderen die Zwecke und Mittel der Verarbeitung personenbezogener Daten und die eingesetzten Tools bestimmt, einschlie\u00dflich der Sicherheitsma\u00dfnahmen in Bezug auf den Betrieb und die Nutzung von Casadavid. com. Der Datenverantwortliche ist, sofern nicht anders angegeben, der Eigent\u00fcmer von Casadavid.com.<\/p>\r\n<p>CASADAVID.COM (ODER DIESE ANWENDUNG)<br \/>Das Hardware- oder Softwaretool, mit dem die personenbezogenen Daten der Benutzer erhoben und verarbeitet werden.<\/p>\r\n<p>SERVICE<br \/>Der von Casadavid.com bereitgestellte Dienst, wie in den entsprechenden Nutzungsbedingungen (falls verf\u00fcgbar) und auf dieser Website\/Anwendung definiert.<\/p>\r\n<p>EUROP\u00c4ISCHE UNION (ODER EU)<br \/>Sofern nicht anders angegeben, soll jeder in diesem Dokument enthaltene Verweis auf die Europ\u00e4ische Union auf alle derzeitigen Mitgliedstaaten der Europ\u00e4ischen Union und des Europ\u00e4ischen Wirtschaftsraums ausgedehnt werden.<\/p>\r\n<p>KEKSE<br \/>Cookies sind Tracking-Tools, die aus kleinen Datenteilen bestehen, die im Browser des Benutzers gespeichert werden.<\/p>\r\n<p>TRACKING-TOOL<br \/>Mit Tracking Tool meinen wir jede Technologie &#8211; zB. Cookies, eindeutige Kennungen, Web-Beacons, integrierte Skripte, E-Tags und Fingerabdr\u00fccke \u2013 die es erm\u00f6glichen, Benutzer zu verfolgen, beispielsweise durch das Sammeln oder Speichern von Informationen auf dem Ger\u00e4t des Benutzers.<\/p>\r\n<hr class=\"wp-block-separator has-alpha-channel-opacity\" \/>\r\n<h4>RIFERIMENTI LEGALI<\/h4>\r\n<p>La presente informativa privacy \u00e8 redatta sulla base di molteplici ordinamenti legislativi, inclusi gli artt. 13 e 14 del Regolamento (UE) 2016\/679.<\/p>\r\n<p>Ove non diversamente specificato, questa informativa privacy riguarda esclusivamente Casadavid.com.<\/p>\r\n<p>Ultima modifica: 05 luglio 2022<\/p>\r\n\r\n<p>&nbsp;<\/p>\r\n<p>[\/vc_column_text][\/vc_column][\/vc_row][vc_row][vc_column][vc_wp_text]<\/p>\r\n<center>\u00a9Copyright 2022 CasaDavid &#8211; <a href=\"https:\/\/casadavid.it\/de\/cookie-policy\/\">Cookie Policy<\/a> &#8211; <a href=\"https:\/\/casadavid.it\/de\/privacy-policy\/\">Privacy Policy<\/a> &#8211; Powered with <i class=\"fa fa-heart\"><\/i> by <a href=\"https:\/\/www.consulenzeleali.com\/?ref=consulenze Leali\" target=\"_blank\" rel=\"noopener\">Consulenze Leali<\/a><\/center>\r\n<p>[\/vc_wp_text][\/vc_column][\/vc_row]<\/p>","protected":false},"excerpt":{"rendered":"<p>[vc_row][vc_column][vc_column_text] Dieses Dokument enth\u00e4lt Informationen \u00fcber die Technologien, die es Casadavid.com erm\u00f6glichen, die unten beschriebenen Zwecke zu erreichen. Diese Technologien erm\u00f6glichen es dem Eigent\u00fcmer, Informationen zu sammeln und zu speichern (z. B. durch die Verwendung von Cookies) oder Ressourcen zu verwenden (z. B. durch Ausf\u00fchren eines Skripts) auf dem Ger\u00e4t des Benutzers, wenn dieser mit [&hellip;]<\/p>\n","protected":false},"author":1,"featured_media":0,"parent":0,"menu_order":0,"comment_status":"closed","ping_status":"open","template":"","meta":{"footnotes":""},"class_list":["post-442","page","type-page","status-publish","hentry"],"_links":{"self":[{"href":"https:\/\/casadavid.it\/de\/wp-json\/wp\/v2\/pages\/442","targetHints":{"allow":["GET"]}}],"collection":[{"href":"https:\/\/casadavid.it\/de\/wp-json\/wp\/v2\/pages"}],"about":[{"href":"https:\/\/casadavid.it\/de\/wp-json\/wp\/v2\/types\/page"}],"author":[{"embeddable":true,"href":"https:\/\/casadavid.it\/de\/wp-json\/wp\/v2\/users\/1"}],"replies":[{"embeddable":true,"href":"https:\/\/casadavid.it\/de\/wp-json\/wp\/v2\/comments?post=442"}],"version-history":[{"count":4,"href":"https:\/\/casadavid.it\/de\/wp-json\/wp\/v2\/pages\/442\/revisions"}],"predecessor-version":[{"id":594,"href":"https:\/\/casadavid.it\/de\/wp-json\/wp\/v2\/pages\/442\/revisions\/594"}],"wp:attachment":[{"href":"https:\/\/casadavid.it\/de\/wp-json\/wp\/v2\/media?parent=442"}],"curies":[{"name":"wp","href":"https:\/\/api.w.org\/{rel}","templated":true}]}}